{"id":32,"date":"2022-07-30T08:53:57","date_gmt":"2022-07-30T06:53:57","guid":{"rendered":"http:\/\/ecolemusiquevielmur.fr\/?page_id=32"},"modified":"2025-05-27T19:52:50","modified_gmt":"2025-05-27T17:52:50","slug":"les-tarifs","status":"publish","type":"page","link":"https:\/\/ecolemusiquevielmur.fr\/?page_id=32","title":{"rendered":"Les tarifs"},"content":{"rendered":"\n<h2 class=\"wp-block-heading\"><\/h2>\n\n\n\n<h2 class=\"wp-block-heading\">Cotisation annuelle de l&rsquo;Ecole de Musique : 25 \u20ac.<\/h2>\n\n\n\n<h2 class=\"wp-block-heading\">Cours individuels : 1\/2 heure, 30 cours dans l&rsquo;ann\u00e9e : 430 \u20ac pour l&rsquo;ann\u00e9e.<\/h2>\n\n\n\n<ul class=\"wp-block-list\">\n<li>Chant,<\/li>\n\n\n\n<li>Guitare, <\/li>\n\n\n\n<li>Piano,<\/li>\n\n\n\n<li>Batterie percussions,<\/li>\n\n\n\n<li>Saxophone,<\/li>\n\n\n\n<li>Trompette.<\/li>\n\n\n\n<li>Violon.<\/li>\n<\/ul>\n\n\n\n<h2 class=\"wp-block-heading\">Cours et ateliers collectifs : 30 cours dans l&rsquo;ann\u00e9e.<\/h2>\n\n\n\n<ul class=\"wp-block-list\">\n<li>Chorale adultes : une heure et demi, 150 \u20ac pour l&rsquo;ann\u00e9e + cotisation annuelle de 25\u20ac,<\/li>\n\n\n\n<li>Danse traditionnelle : une heure et demi, 30 \u20ac pour l&rsquo;ann\u00e9e + cotisation annuelle de 25 \u20ac,<\/li>\n\n\n\n<li>Eveil musical : une heure, 150 \u20ac + cotisation annuelle de 25 \u20ac,<\/li>\n\n\n\n<li>Formation musicale : une heure gratuit, r\u00e9serv\u00e9 aux adh\u00e9rents qui prennent des cours de musique individuelle,<\/li>\n\n\n\n<li>Gra\u00eflou : deux heures, cotisation annuelle de 25\u20ac,<\/li>\n\n\n\n<li>Orchestre : une heure et demi, 150\u20ac + cotisation annuelle de 25 \u20ac.<\/li>\n<\/ul>\n\n\n\n<p><\/p>\n","protected":false},"excerpt":{"rendered":"<p>Cotisation annuelle de l&rsquo;Ecole de Musique : 25 \u20ac. Cours individuels : 1\/2 heure, 30 cours dans l&rsquo;ann\u00e9e : 430 \u20ac pour l&rsquo;ann\u00e9e. Cours et ateliers collectifs : 30 cours dans l&rsquo;ann\u00e9e.<\/p>\n","protected":false},"author":1,"featured_media":0,"parent":0,"menu_order":0,"comment_status":"closed","ping_status":"closed","template":"","meta":{"footnotes":""},"class_list":["post-32","page","type-page","status-publish","hentry","wpbf-post"],"jetpack_sharing_enabled":true,"_links":{"self":[{"href":"https:\/\/ecolemusiquevielmur.fr\/index.php?rest_route=\/wp\/v2\/pages\/32","targetHints":{"allow":["GET"]}}],"collection":[{"href":"https:\/\/ecolemusiquevielmur.fr\/index.php?rest_route=\/wp\/v2\/pages"}],"about":[{"href":"https:\/\/ecolemusiquevielmur.fr\/index.php?rest_route=\/wp\/v2\/types\/page"}],"author":[{"embeddable":true,"href":"https:\/\/ecolemusiquevielmur.fr\/index.php?rest_route=\/wp\/v2\/users\/1"}],"replies":[{"embeddable":true,"href":"https:\/\/ecolemusiquevielmur.fr\/index.php?rest_route=%2Fwp%2Fv2%2Fcomments&post=32"}],"version-history":[{"count":15,"href":"https:\/\/ecolemusiquevielmur.fr\/index.php?rest_route=\/wp\/v2\/pages\/32\/revisions"}],"predecessor-version":[{"id":579,"href":"https:\/\/ecolemusiquevielmur.fr\/index.php?rest_route=\/wp\/v2\/pages\/32\/revisions\/579"}],"wp:attachment":[{"href":"https:\/\/ecolemusiquevielmur.fr\/index.php?rest_route=%2Fwp%2Fv2%2Fmedia&parent=32"}],"curies":[{"name":"wp","href":"https:\/\/api.w.org\/{rel}","templated":true}]}}